{"id":12992,"date":"2025-08-15T08:05:18","date_gmt":"2025-08-15T08:05:18","guid":{"rendered":"https:\/\/own3dpro.dev.onpressidium.com\/impressum\/"},"modified":"2026-03-02T14:53:58","modified_gmt":"2026-03-02T14:53:58","slug":"impressum","status":"publish","type":"page","link":"https:\/\/hi.own3d.pro\/de\/impressum\/","title":{"rendered":"Impressum"},"content":{"rendered":"\n<p><strong>StreamTV Media GmbH<\/strong><br\/>Gr\u00fcnmarkt 8<br\/>4400 Steyr, \u00d6STERREICH<\/p>\n\n<p><strong>Unternehmenszweck:<\/strong> Informationen, Produkttests, How-to-Dos und Tutorials zum Thema Gaming und Game-Streaming, Produktempfehlungen (Hardware) f\u00fcr Gamer, Verkauf von digitalen Inhalten (Twitch Overlays, Grafiken, Designs und WordPress Designvorlagen).<\/p>\n\n<p><strong>Aufsichtsbeh\u00f6rde:<\/strong> Landesgericht Steyr, FN 489275 y<\/p>\n\n<p><strong>Verantwortlich f\u00fcr den Inhalt:<\/strong> StreamTV Media GmbH<\/p>\n\n<p><strong>USt:<\/strong> ATU73171845<\/p>\n\n<p><strong>Gesch\u00e4ftsf\u00fchrer:<\/strong> Thomas Rafelsberger<\/p>\n\n<p><strong>Web:<\/strong> <a href=\"http:\/\/www.own3d.tv\/\">www.own3d.tv<\/a>; <a href=\"http:\/\/www.own3d.pro\/\">www.own3d.pro<\/a><\/p>\n\n<p><strong>E-Mail:<\/strong> <a href=\"mailto:info@own3d.tv\">info@own3d.tv<\/a><\/p>\n\n<p><strong>Telefon:<\/strong> +43 650 4989426<\/p>\n","protected":false},"excerpt":{"rendered":"<p>StreamTV Media GmbHGr\u00fcnmarkt 84400 Steyr, \u00d6STERREICH Unternehmenszweck: Informationen, Produkttests, How-to-Dos und Tutorials zum Thema Gaming und Game-Streaming, Produktempfehlungen (Hardware) f\u00fcr Gamer, Verkauf von digitalen Inhalten (Twitch Overlays, Grafiken, Designs und WordPress Designvorlagen). Aufsichtsbeh\u00f6rde: Landesgericht Steyr, FN 489275 y Verantwortlich f\u00fcr den Inhalt: StreamTV Media GmbH USt: ATU73171845 Gesch\u00e4ftsf\u00fchrer: Thomas Rafelsberger Web: www.own3d.tv; www.own3d.pro E-Mail: info@own3d.tv [&hellip;]<\/p>\n","protected":false},"author":9,"featured_media":0,"parent":0,"menu_order":0,"comment_status":"closed","ping_status":"closed","template":"","meta":{"footnotes":""},"class_list":["post-12992","page","type-page","status-publish","hentry"],"yoast_head":"<!-- This site is optimized with the Yoast SEO plugin v27.5 - https:\/\/yoast.com\/product\/yoast-seo-wordpress\/ -->\n<title>Impressum - OWN3D.PRO Streaming Tool<\/title>\n<meta name=\"robots\" content=\"index, follow, max-snippet:-1, max-image-preview:large, max-video-preview:-1\" \/>\n<link rel=\"canonical\" href=\"https:\/\/hi.own3d.pro\/de\/impressum\/\" \/>\n<meta property=\"og:locale\" content=\"de_DE\" \/>\n<meta property=\"og:type\" content=\"article\" \/>\n<meta property=\"og:title\" content=\"Impressum - OWN3D.PRO Streaming Tool\" \/>\n<meta property=\"og:description\" content=\"StreamTV Media GmbHGr\u00fcnmarkt 84400 Steyr, \u00d6STERREICH Unternehmenszweck: Informationen, Produkttests, How-to-Dos und Tutorials zum Thema Gaming und Game-Streaming, Produktempfehlungen (Hardware) f\u00fcr Gamer, Verkauf von digitalen Inhalten (Twitch Overlays, Grafiken, Designs und WordPress Designvorlagen). Aufsichtsbeh\u00f6rde: Landesgericht Steyr, FN 489275 y Verantwortlich f\u00fcr den Inhalt: StreamTV Media GmbH USt: ATU73171845 Gesch\u00e4ftsf\u00fchrer: Thomas Rafelsberger Web: www.own3d.tv; www.own3d.pro E-Mail: info@own3d.tv [&hellip;]\" \/>\n<meta property=\"og:url\" content=\"https:\/\/hi.own3d.pro\/de\/impressum\/\" \/>\n<meta property=\"og:site_name\" content=\"OWN3D.PRO: Easy Streaming With One Powerful Tool\" \/>\n<meta property=\"article:modified_time\" content=\"2026-03-02T14:53:58+00:00\" \/>\n<meta name=\"twitter:card\" content=\"summary_large_image\" \/>\n<script type=\"application\/ld+json\" class=\"yoast-schema-graph\">{\"@context\":\"https:\\\/\\\/schema.org\",\"@graph\":[{\"@type\":\"WebPage\",\"@id\":\"https:\\\/\\\/hi.own3d.pro\\\/de\\\/impressum\\\/\",\"url\":\"https:\\\/\\\/hi.own3d.pro\\\/de\\\/impressum\\\/\",\"name\":\"Impressum - OWN3D.PRO Streaming Tool\",\"isPartOf\":{\"@id\":\"https:\\\/\\\/hi.own3d.pro\\\/de\\\/#website\"},\"datePublished\":\"2025-08-15T08:05:18+00:00\",\"dateModified\":\"2026-03-02T14:53:58+00:00\",\"breadcrumb\":{\"@id\":\"https:\\\/\\\/hi.own3d.pro\\\/de\\\/impressum\\\/#breadcrumb\"},\"inLanguage\":\"de\",\"potentialAction\":[{\"@type\":\"ReadAction\",\"target\":[\"https:\\\/\\\/hi.own3d.pro\\\/de\\\/impressum\\\/\"]}]},{\"@type\":\"BreadcrumbList\",\"@id\":\"https:\\\/\\\/hi.own3d.pro\\\/de\\\/impressum\\\/#breadcrumb\",\"itemListElement\":[{\"@type\":\"ListItem\",\"position\":1,\"name\":\"Home\",\"item\":\"https:\\\/\\\/hi.own3d.pro\\\/de\\\/\"},{\"@type\":\"ListItem\",\"position\":2,\"name\":\"Impressum\"}]},{\"@type\":\"WebSite\",\"@id\":\"https:\\\/\\\/hi.own3d.pro\\\/de\\\/#website\",\"url\":\"https:\\\/\\\/hi.own3d.pro\\\/de\\\/\",\"name\":\"Easy Streaming With OWN3D.PRO\",\"description\":\"Simple Streaming. Smart. Made for You.\",\"publisher\":{\"@id\":\"https:\\\/\\\/hi.own3d.pro\\\/de\\\/#organization\"},\"potentialAction\":[{\"@type\":\"SearchAction\",\"target\":{\"@type\":\"EntryPoint\",\"urlTemplate\":\"https:\\\/\\\/hi.own3d.pro\\\/de\\\/?s={search_term_string}\"},\"query-input\":{\"@type\":\"PropertyValueSpecification\",\"valueRequired\":true,\"valueName\":\"search_term_string\"}}],\"inLanguage\":\"de\"},{\"@type\":\"Organization\",\"@id\":\"https:\\\/\\\/hi.own3d.pro\\\/de\\\/#organization\",\"name\":\"StreamTV Media GmbH\",\"url\":\"https:\\\/\\\/hi.own3d.pro\\\/de\\\/\",\"logo\":{\"@type\":\"ImageObject\",\"inLanguage\":\"de\",\"@id\":\"https:\\\/\\\/hi.own3d.pro\\\/de\\\/#\\\/schema\\\/logo\\\/image\\\/\",\"url\":\"https:\\\/\\\/hi.own3d.pro\\\/wp-content\\\/uploads\\\/2025\\\/09\\\/OWN3D-PRO_logo_white_512.png\",\"contentUrl\":\"https:\\\/\\\/hi.own3d.pro\\\/wp-content\\\/uploads\\\/2025\\\/09\\\/OWN3D-PRO_logo_white_512.png\",\"width\":510,\"height\":68,\"caption\":\"StreamTV Media GmbH\"},\"image\":{\"@id\":\"https:\\\/\\\/hi.own3d.pro\\\/de\\\/#\\\/schema\\\/logo\\\/image\\\/\"}}]}<\/script>\n<!-- \/ Yoast SEO plugin. -->","yoast_head_json":{"title":"Impressum - OWN3D.PRO Streaming Tool","robots":{"index":"index","follow":"follow","max-snippet":"max-snippet:-1","max-image-preview":"max-image-preview:large","max-video-preview":"max-video-preview:-1"},"canonical":"https:\/\/hi.own3d.pro\/de\/impressum\/","og_locale":"de_DE","og_type":"article","og_title":"Impressum - OWN3D.PRO Streaming Tool","og_description":"StreamTV Media GmbHGr\u00fcnmarkt 84400 Steyr, \u00d6STERREICH Unternehmenszweck: Informationen, Produkttests, How-to-Dos und Tutorials zum Thema Gaming und Game-Streaming, Produktempfehlungen (Hardware) f\u00fcr Gamer, Verkauf von digitalen Inhalten (Twitch Overlays, Grafiken, Designs und WordPress Designvorlagen). Aufsichtsbeh\u00f6rde: Landesgericht Steyr, FN 489275 y Verantwortlich f\u00fcr den Inhalt: StreamTV Media GmbH USt: ATU73171845 Gesch\u00e4ftsf\u00fchrer: Thomas Rafelsberger Web: www.own3d.tv; www.own3d.pro E-Mail: info@own3d.tv [&hellip;]","og_url":"https:\/\/hi.own3d.pro\/de\/impressum\/","og_site_name":"OWN3D.PRO: Easy Streaming With One Powerful Tool","article_modified_time":"2026-03-02T14:53:58+00:00","twitter_card":"summary_large_image","schema":{"@context":"https:\/\/schema.org","@graph":[{"@type":"WebPage","@id":"https:\/\/hi.own3d.pro\/de\/impressum\/","url":"https:\/\/hi.own3d.pro\/de\/impressum\/","name":"Impressum - OWN3D.PRO Streaming Tool","isPartOf":{"@id":"https:\/\/hi.own3d.pro\/de\/#website"},"datePublished":"2025-08-15T08:05:18+00:00","dateModified":"2026-03-02T14:53:58+00:00","breadcrumb":{"@id":"https:\/\/hi.own3d.pro\/de\/impressum\/#breadcrumb"},"inLanguage":"de","potentialAction":[{"@type":"ReadAction","target":["https:\/\/hi.own3d.pro\/de\/impressum\/"]}]},{"@type":"BreadcrumbList","@id":"https:\/\/hi.own3d.pro\/de\/impressum\/#breadcrumb","itemListElement":[{"@type":"ListItem","position":1,"name":"Home","item":"https:\/\/hi.own3d.pro\/de\/"},{"@type":"ListItem","position":2,"name":"Impressum"}]},{"@type":"WebSite","@id":"https:\/\/hi.own3d.pro\/de\/#website","url":"https:\/\/hi.own3d.pro\/de\/","name":"Easy Streaming With OWN3D.PRO","description":"Simple Streaming. Smart. Made for You.","publisher":{"@id":"https:\/\/hi.own3d.pro\/de\/#organization"},"potentialAction":[{"@type":"SearchAction","target":{"@type":"EntryPoint","urlTemplate":"https:\/\/hi.own3d.pro\/de\/?s={search_term_string}"},"query-input":{"@type":"PropertyValueSpecification","valueRequired":true,"valueName":"search_term_string"}}],"inLanguage":"de"},{"@type":"Organization","@id":"https:\/\/hi.own3d.pro\/de\/#organization","name":"StreamTV Media GmbH","url":"https:\/\/hi.own3d.pro\/de\/","logo":{"@type":"ImageObject","inLanguage":"de","@id":"https:\/\/hi.own3d.pro\/de\/#\/schema\/logo\/image\/","url":"https:\/\/hi.own3d.pro\/wp-content\/uploads\/2025\/09\/OWN3D-PRO_logo_white_512.png","contentUrl":"https:\/\/hi.own3d.pro\/wp-content\/uploads\/2025\/09\/OWN3D-PRO_logo_white_512.png","width":510,"height":68,"caption":"StreamTV Media GmbH"},"image":{"@id":"https:\/\/hi.own3d.pro\/de\/#\/schema\/logo\/image\/"}}]}},"_links":{"self":[{"href":"https:\/\/hi.own3d.pro\/de\/wp-json\/wp\/v2\/pages\/12992","targetHints":{"allow":["GET"]}}],"collection":[{"href":"https:\/\/hi.own3d.pro\/de\/wp-json\/wp\/v2\/pages"}],"about":[{"href":"https:\/\/hi.own3d.pro\/de\/wp-json\/wp\/v2\/types\/page"}],"author":[{"embeddable":true,"href":"https:\/\/hi.own3d.pro\/de\/wp-json\/wp\/v2\/users\/9"}],"replies":[{"embeddable":true,"href":"https:\/\/hi.own3d.pro\/de\/wp-json\/wp\/v2\/comments?post=12992"}],"version-history":[{"count":5,"href":"https:\/\/hi.own3d.pro\/de\/wp-json\/wp\/v2\/pages\/12992\/revisions"}],"predecessor-version":[{"id":32842,"href":"https:\/\/hi.own3d.pro\/de\/wp-json\/wp\/v2\/pages\/12992\/revisions\/32842"}],"wp:attachment":[{"href":"https:\/\/hi.own3d.pro\/de\/wp-json\/wp\/v2\/media?parent=12992"}],"curies":[{"name":"wp","href":"https:\/\/api.w.org\/{rel}","templated":true}]}}