{"id":12998,"date":"2025-08-15T08:05:18","date_gmt":"2025-08-15T08:05:18","guid":{"rendered":"https:\/\/own3dpro.dev.onpressidium.com\/mentions-legales\/"},"modified":"2026-03-02T14:53:52","modified_gmt":"2026-03-02T14:53:52","slug":"mentions-legales","status":"publish","type":"page","link":"https:\/\/hi.own3d.pro\/fr\/mentions-legales\/","title":{"rendered":"Mentions l\u00e9gales"},"content":{"rendered":"\n<p><strong>StreamTV Media GmbH<\/strong><br\/>Gr\u00fcnmarkt 8<br\/>4400 Steyr, AUTRICHE<\/p>\n\n<p><strong>Objet social :<\/strong> informations, tests de produits, tutoriels et guides pratiques sur le gaming et le streaming de jeux, recommandations de produits (mat\u00e9riel) pour gamers, vente de contenu num\u00e9rique (overlays Twitch, graphismes, designs et th\u00e8mes WordPress).<\/p>\n\n<p><strong>Autorit\u00e9 de r\u00e9gulation :<\/strong> Tribunal r\u00e9gional de Steyr, FN 489275 y<\/p>\n\n<p><strong>Responsable du contenu :<\/strong> StreamTV Media GmbH<\/p>\n\n<p><strong>TVA :<\/strong> ATU73171845<\/p>\n\n<p><strong>Directeur g\u00e9n\u00e9ral :<\/strong> Thomas rafelsberger<\/p>\n\n<p><strong>Web :<\/strong> <a href=\"http:\/\/www.own3d.tv\/\">www.own3d.tv<\/a>; <a href=\"http:\/\/www.own3d.pro\/\">www.own3d.pro<\/a><\/p>\n\n<p><strong>E-mail :<\/strong> <a href=\"mailto:info@own3d.tv\">info@own3d.tv<\/a><\/p>\n\n<p><strong>T\u00e9l\u00e9phone :<\/strong> +43 650 4989426<\/p>\n","protected":false},"excerpt":{"rendered":"<p>StreamTV Media GmbHGr\u00fcnmarkt 84400 Steyr, AUTRICHE Objet social : informations, tests de produits, tutoriels et guides pratiques sur le gaming et le streaming de jeux, recommandations de produits (mat\u00e9riel) pour gamers, vente de contenu num\u00e9rique (overlays Twitch, graphismes, designs et th\u00e8mes WordPress). Autorit\u00e9 de r\u00e9gulation : Tribunal r\u00e9gional de Steyr, FN 489275 y Responsable du [&hellip;]<\/p>\n","protected":false},"author":9,"featured_media":0,"parent":0,"menu_order":0,"comment_status":"closed","ping_status":"closed","template":"","meta":{"footnotes":""},"class_list":["post-12998","page","type-page","status-publish","hentry"],"yoast_head":"<!-- This site is optimized with the Yoast SEO plugin v27.5 - https:\/\/yoast.com\/product\/yoast-seo-wordpress\/ -->\n<title>Mentions l\u00e9gales - OWN3D.PRO Streaming Tool<\/title>\n<meta name=\"robots\" content=\"index, follow, max-snippet:-1, max-image-preview:large, max-video-preview:-1\" \/>\n<link rel=\"canonical\" href=\"https:\/\/hi.own3d.pro\/fr\/mentions-legales\/\" \/>\n<meta property=\"og:locale\" content=\"fr_FR\" \/>\n<meta property=\"og:type\" content=\"article\" \/>\n<meta property=\"og:title\" content=\"Mentions l\u00e9gales - OWN3D.PRO Streaming Tool\" \/>\n<meta property=\"og:description\" content=\"StreamTV Media GmbHGr\u00fcnmarkt 84400 Steyr, AUTRICHE Objet social : informations, tests de produits, tutoriels et guides pratiques sur le gaming et le streaming de jeux, recommandations de produits (mat\u00e9riel) pour gamers, vente de contenu num\u00e9rique (overlays Twitch, graphismes, designs et th\u00e8mes WordPress). Autorit\u00e9 de r\u00e9gulation : Tribunal r\u00e9gional de Steyr, FN 489275 y Responsable du [&hellip;]\" \/>\n<meta property=\"og:url\" content=\"https:\/\/hi.own3d.pro\/fr\/mentions-legales\/\" \/>\n<meta property=\"og:site_name\" content=\"OWN3D.PRO: Easy Streaming With One Powerful Tool\" \/>\n<meta property=\"article:modified_time\" content=\"2026-03-02T14:53:52+00:00\" \/>\n<meta name=\"twitter:card\" content=\"summary_large_image\" \/>\n<script type=\"application\/ld+json\" class=\"yoast-schema-graph\">{\"@context\":\"https:\\\/\\\/schema.org\",\"@graph\":[{\"@type\":\"WebPage\",\"@id\":\"https:\\\/\\\/hi.own3d.pro\\\/fr\\\/mentions-legales\\\/\",\"url\":\"https:\\\/\\\/hi.own3d.pro\\\/fr\\\/mentions-legales\\\/\",\"name\":\"Mentions l\u00e9gales - OWN3D.PRO Streaming Tool\",\"isPartOf\":{\"@id\":\"https:\\\/\\\/hi.own3d.pro\\\/fr\\\/#website\"},\"datePublished\":\"2025-08-15T08:05:18+00:00\",\"dateModified\":\"2026-03-02T14:53:52+00:00\",\"breadcrumb\":{\"@id\":\"https:\\\/\\\/hi.own3d.pro\\\/fr\\\/mentions-legales\\\/#breadcrumb\"},\"inLanguage\":\"fr-FR\",\"potentialAction\":[{\"@type\":\"ReadAction\",\"target\":[\"https:\\\/\\\/hi.own3d.pro\\\/fr\\\/mentions-legales\\\/\"]}]},{\"@type\":\"BreadcrumbList\",\"@id\":\"https:\\\/\\\/hi.own3d.pro\\\/fr\\\/mentions-legales\\\/#breadcrumb\",\"itemListElement\":[{\"@type\":\"ListItem\",\"position\":1,\"name\":\"Home\",\"item\":\"https:\\\/\\\/hi.own3d.pro\\\/fr\\\/\"},{\"@type\":\"ListItem\",\"position\":2,\"name\":\"Mentions l\u00e9gales\"}]},{\"@type\":\"WebSite\",\"@id\":\"https:\\\/\\\/hi.own3d.pro\\\/fr\\\/#website\",\"url\":\"https:\\\/\\\/hi.own3d.pro\\\/fr\\\/\",\"name\":\"Easy Streaming With OWN3D.PRO\",\"description\":\"Simple Streaming. Smart. Made for You.\",\"publisher\":{\"@id\":\"https:\\\/\\\/hi.own3d.pro\\\/fr\\\/#organization\"},\"potentialAction\":[{\"@type\":\"SearchAction\",\"target\":{\"@type\":\"EntryPoint\",\"urlTemplate\":\"https:\\\/\\\/hi.own3d.pro\\\/fr\\\/?s={search_term_string}\"},\"query-input\":{\"@type\":\"PropertyValueSpecification\",\"valueRequired\":true,\"valueName\":\"search_term_string\"}}],\"inLanguage\":\"fr-FR\"},{\"@type\":\"Organization\",\"@id\":\"https:\\\/\\\/hi.own3d.pro\\\/fr\\\/#organization\",\"name\":\"StreamTV Media GmbH\",\"url\":\"https:\\\/\\\/hi.own3d.pro\\\/fr\\\/\",\"logo\":{\"@type\":\"ImageObject\",\"inLanguage\":\"fr-FR\",\"@id\":\"https:\\\/\\\/hi.own3d.pro\\\/fr\\\/#\\\/schema\\\/logo\\\/image\\\/\",\"url\":\"https:\\\/\\\/hi.own3d.pro\\\/wp-content\\\/uploads\\\/2025\\\/09\\\/OWN3D-PRO_logo_white_512.png\",\"contentUrl\":\"https:\\\/\\\/hi.own3d.pro\\\/wp-content\\\/uploads\\\/2025\\\/09\\\/OWN3D-PRO_logo_white_512.png\",\"width\":510,\"height\":68,\"caption\":\"StreamTV Media GmbH\"},\"image\":{\"@id\":\"https:\\\/\\\/hi.own3d.pro\\\/fr\\\/#\\\/schema\\\/logo\\\/image\\\/\"}}]}<\/script>\n<!-- \/ Yoast SEO plugin. -->","yoast_head_json":{"title":"Mentions l\u00e9gales - OWN3D.PRO Streaming Tool","robots":{"index":"index","follow":"follow","max-snippet":"max-snippet:-1","max-image-preview":"max-image-preview:large","max-video-preview":"max-video-preview:-1"},"canonical":"https:\/\/hi.own3d.pro\/fr\/mentions-legales\/","og_locale":"fr_FR","og_type":"article","og_title":"Mentions l\u00e9gales - OWN3D.PRO Streaming Tool","og_description":"StreamTV Media GmbHGr\u00fcnmarkt 84400 Steyr, AUTRICHE Objet social : informations, tests de produits, tutoriels et guides pratiques sur le gaming et le streaming de jeux, recommandations de produits (mat\u00e9riel) pour gamers, vente de contenu num\u00e9rique (overlays Twitch, graphismes, designs et th\u00e8mes WordPress). Autorit\u00e9 de r\u00e9gulation : Tribunal r\u00e9gional de Steyr, FN 489275 y Responsable du [&hellip;]","og_url":"https:\/\/hi.own3d.pro\/fr\/mentions-legales\/","og_site_name":"OWN3D.PRO: Easy Streaming With One Powerful Tool","article_modified_time":"2026-03-02T14:53:52+00:00","twitter_card":"summary_large_image","schema":{"@context":"https:\/\/schema.org","@graph":[{"@type":"WebPage","@id":"https:\/\/hi.own3d.pro\/fr\/mentions-legales\/","url":"https:\/\/hi.own3d.pro\/fr\/mentions-legales\/","name":"Mentions l\u00e9gales - OWN3D.PRO Streaming Tool","isPartOf":{"@id":"https:\/\/hi.own3d.pro\/fr\/#website"},"datePublished":"2025-08-15T08:05:18+00:00","dateModified":"2026-03-02T14:53:52+00:00","breadcrumb":{"@id":"https:\/\/hi.own3d.pro\/fr\/mentions-legales\/#breadcrumb"},"inLanguage":"fr-FR","potentialAction":[{"@type":"ReadAction","target":["https:\/\/hi.own3d.pro\/fr\/mentions-legales\/"]}]},{"@type":"BreadcrumbList","@id":"https:\/\/hi.own3d.pro\/fr\/mentions-legales\/#breadcrumb","itemListElement":[{"@type":"ListItem","position":1,"name":"Home","item":"https:\/\/hi.own3d.pro\/fr\/"},{"@type":"ListItem","position":2,"name":"Mentions l\u00e9gales"}]},{"@type":"WebSite","@id":"https:\/\/hi.own3d.pro\/fr\/#website","url":"https:\/\/hi.own3d.pro\/fr\/","name":"Easy Streaming With OWN3D.PRO","description":"Simple Streaming. Smart. Made for You.","publisher":{"@id":"https:\/\/hi.own3d.pro\/fr\/#organization"},"potentialAction":[{"@type":"SearchAction","target":{"@type":"EntryPoint","urlTemplate":"https:\/\/hi.own3d.pro\/fr\/?s={search_term_string}"},"query-input":{"@type":"PropertyValueSpecification","valueRequired":true,"valueName":"search_term_string"}}],"inLanguage":"fr-FR"},{"@type":"Organization","@id":"https:\/\/hi.own3d.pro\/fr\/#organization","name":"StreamTV Media GmbH","url":"https:\/\/hi.own3d.pro\/fr\/","logo":{"@type":"ImageObject","inLanguage":"fr-FR","@id":"https:\/\/hi.own3d.pro\/fr\/#\/schema\/logo\/image\/","url":"https:\/\/hi.own3d.pro\/wp-content\/uploads\/2025\/09\/OWN3D-PRO_logo_white_512.png","contentUrl":"https:\/\/hi.own3d.pro\/wp-content\/uploads\/2025\/09\/OWN3D-PRO_logo_white_512.png","width":510,"height":68,"caption":"StreamTV Media GmbH"},"image":{"@id":"https:\/\/hi.own3d.pro\/fr\/#\/schema\/logo\/image\/"}}]}},"_links":{"self":[{"href":"https:\/\/hi.own3d.pro\/fr\/wp-json\/wp\/v2\/pages\/12998","targetHints":{"allow":["GET"]}}],"collection":[{"href":"https:\/\/hi.own3d.pro\/fr\/wp-json\/wp\/v2\/pages"}],"about":[{"href":"https:\/\/hi.own3d.pro\/fr\/wp-json\/wp\/v2\/types\/page"}],"author":[{"embeddable":true,"href":"https:\/\/hi.own3d.pro\/fr\/wp-json\/wp\/v2\/users\/9"}],"replies":[{"embeddable":true,"href":"https:\/\/hi.own3d.pro\/fr\/wp-json\/wp\/v2\/comments?post=12998"}],"version-history":[{"count":5,"href":"https:\/\/hi.own3d.pro\/fr\/wp-json\/wp\/v2\/pages\/12998\/revisions"}],"predecessor-version":[{"id":32830,"href":"https:\/\/hi.own3d.pro\/fr\/wp-json\/wp\/v2\/pages\/12998\/revisions\/32830"}],"wp:attachment":[{"href":"https:\/\/hi.own3d.pro\/fr\/wp-json\/wp\/v2\/media?parent=12998"}],"curies":[{"name":"wp","href":"https:\/\/api.w.org\/{rel}","templated":true}]}}