{"id":13026,"date":"2025-08-15T08:05:18","date_gmt":"2025-08-15T08:05:18","guid":{"rendered":"https:\/\/own3dpro.dev.onpressidium.com\/impressao\/"},"modified":"2026-03-02T14:53:51","modified_gmt":"2026-03-02T14:53:51","slug":"impressao","status":"publish","type":"page","link":"https:\/\/hi.own3d.pro\/pt-br\/impressao\/","title":{"rendered":"Imprensa"},"content":{"rendered":"\n<p><strong>StreamTV Media GmbH<\/strong><br\/>Gr\u00fcnmarkt 8<br\/>4400 Steyr, \u00c1USTRIA<\/p>\n\n<p><strong>Objetivo Corporativo:<\/strong> informa\u00e7\u00e3o, testes de produtos, tutoriais e guias sobre o tema de gaming e game streaming, recomenda\u00e7\u00f5es de produtos (hardware) para gamers, vendas de conte\u00fado digital (overlays do twitch, gr\u00e1ficos, designs e templates de design WordPress).<\/p>\n\n<p><strong>Autoridade Reguladora:<\/strong> Tribunal Regional de Steyr, FN 489275 y<\/p>\n\n<p><strong>Respons\u00e1vel pelo conte\u00fado:<\/strong> StreamTV Media GmbH<\/p>\n\n<p><strong>IVA:<\/strong> ATU73171845<\/p>\n\n<p><strong>Diretor Geral:<\/strong> Thomas rafelsberger<\/p>\n\n<p><strong>Web:<\/strong> <a href=\"http:\/\/www.own3d.tv\/\">www.own3d.tv<\/a>; <a href=\"http:\/\/www.own3d.pro\/\">www.own3d.pro<\/a><\/p>\n\n<p><strong>E-mail:<\/strong> <a href=\"mailto:info@own3d.tv\">info@own3d.tv<\/a><\/p>\n\n<p><strong>Telefone:<\/strong> +43 650 4989426<\/p>\n","protected":false},"excerpt":{"rendered":"<p>StreamTV Media GmbHGr\u00fcnmarkt 84400 Steyr, \u00c1USTRIA Objetivo Corporativo: informa\u00e7\u00e3o, testes de produtos, tutoriais e guias sobre o tema de gaming e game streaming, recomenda\u00e7\u00f5es de produtos (hardware) para gamers, vendas de conte\u00fado digital (overlays do twitch, gr\u00e1ficos, designs e templates de design WordPress). Autoridade Reguladora: Tribunal Regional de Steyr, FN 489275 y Respons\u00e1vel pelo conte\u00fado: [&hellip;]<\/p>\n","protected":false},"author":9,"featured_media":0,"parent":0,"menu_order":0,"comment_status":"closed","ping_status":"closed","template":"","meta":{"footnotes":""},"class_list":["post-13026","page","type-page","status-publish","hentry"],"yoast_head":"<!-- This site is optimized with the Yoast SEO plugin v27.5 - https:\/\/yoast.com\/product\/yoast-seo-wordpress\/ -->\n<title>Imprensa - OWN3D.PRO Streaming Tool<\/title>\n<meta name=\"robots\" content=\"index, follow, max-snippet:-1, max-image-preview:large, max-video-preview:-1\" \/>\n<link rel=\"canonical\" href=\"https:\/\/hi.own3d.pro\/pt-br\/impressao\/\" \/>\n<meta property=\"og:locale\" content=\"pt_BR\" \/>\n<meta property=\"og:type\" content=\"article\" \/>\n<meta property=\"og:title\" content=\"Imprensa - OWN3D.PRO Streaming Tool\" \/>\n<meta property=\"og:description\" content=\"StreamTV Media GmbHGr\u00fcnmarkt 84400 Steyr, \u00c1USTRIA Objetivo Corporativo: informa\u00e7\u00e3o, testes de produtos, tutoriais e guias sobre o tema de gaming e game streaming, recomenda\u00e7\u00f5es de produtos (hardware) para gamers, vendas de conte\u00fado digital (overlays do twitch, gr\u00e1ficos, designs e templates de design WordPress). Autoridade Reguladora: Tribunal Regional de Steyr, FN 489275 y Respons\u00e1vel pelo conte\u00fado: [&hellip;]\" \/>\n<meta property=\"og:url\" content=\"https:\/\/hi.own3d.pro\/pt-br\/impressao\/\" \/>\n<meta property=\"og:site_name\" content=\"OWN3D.PRO: Easy Streaming With One Powerful Tool\" \/>\n<meta property=\"article:modified_time\" content=\"2026-03-02T14:53:51+00:00\" \/>\n<meta name=\"twitter:card\" content=\"summary_large_image\" \/>\n<script type=\"application\/ld+json\" class=\"yoast-schema-graph\">{\"@context\":\"https:\\\/\\\/schema.org\",\"@graph\":[{\"@type\":\"WebPage\",\"@id\":\"https:\\\/\\\/hi.own3d.pro\\\/pt-br\\\/impressao\\\/\",\"url\":\"https:\\\/\\\/hi.own3d.pro\\\/pt-br\\\/impressao\\\/\",\"name\":\"Imprensa - OWN3D.PRO Streaming Tool\",\"isPartOf\":{\"@id\":\"https:\\\/\\\/hi.own3d.pro\\\/pt-br\\\/#website\"},\"datePublished\":\"2025-08-15T08:05:18+00:00\",\"dateModified\":\"2026-03-02T14:53:51+00:00\",\"breadcrumb\":{\"@id\":\"https:\\\/\\\/hi.own3d.pro\\\/pt-br\\\/impressao\\\/#breadcrumb\"},\"inLanguage\":\"pt-BR\",\"potentialAction\":[{\"@type\":\"ReadAction\",\"target\":[\"https:\\\/\\\/hi.own3d.pro\\\/pt-br\\\/impressao\\\/\"]}]},{\"@type\":\"BreadcrumbList\",\"@id\":\"https:\\\/\\\/hi.own3d.pro\\\/pt-br\\\/impressao\\\/#breadcrumb\",\"itemListElement\":[{\"@type\":\"ListItem\",\"position\":1,\"name\":\"Home\",\"item\":\"https:\\\/\\\/hi.own3d.pro\\\/pt-br\\\/\"},{\"@type\":\"ListItem\",\"position\":2,\"name\":\"Imprensa\"}]},{\"@type\":\"WebSite\",\"@id\":\"https:\\\/\\\/hi.own3d.pro\\\/pt-br\\\/#website\",\"url\":\"https:\\\/\\\/hi.own3d.pro\\\/pt-br\\\/\",\"name\":\"Easy Streaming With OWN3D.PRO\",\"description\":\"Simple Streaming. Smart. Made for You.\",\"publisher\":{\"@id\":\"https:\\\/\\\/hi.own3d.pro\\\/pt-br\\\/#organization\"},\"potentialAction\":[{\"@type\":\"SearchAction\",\"target\":{\"@type\":\"EntryPoint\",\"urlTemplate\":\"https:\\\/\\\/hi.own3d.pro\\\/pt-br\\\/?s={search_term_string}\"},\"query-input\":{\"@type\":\"PropertyValueSpecification\",\"valueRequired\":true,\"valueName\":\"search_term_string\"}}],\"inLanguage\":\"pt-BR\"},{\"@type\":\"Organization\",\"@id\":\"https:\\\/\\\/hi.own3d.pro\\\/pt-br\\\/#organization\",\"name\":\"StreamTV Media GmbH\",\"url\":\"https:\\\/\\\/hi.own3d.pro\\\/pt-br\\\/\",\"logo\":{\"@type\":\"ImageObject\",\"inLanguage\":\"pt-BR\",\"@id\":\"https:\\\/\\\/hi.own3d.pro\\\/pt-br\\\/#\\\/schema\\\/logo\\\/image\\\/\",\"url\":\"https:\\\/\\\/hi.own3d.pro\\\/wp-content\\\/uploads\\\/2025\\\/09\\\/OWN3D-PRO_logo_white_512.png\",\"contentUrl\":\"https:\\\/\\\/hi.own3d.pro\\\/wp-content\\\/uploads\\\/2025\\\/09\\\/OWN3D-PRO_logo_white_512.png\",\"width\":510,\"height\":68,\"caption\":\"StreamTV Media GmbH\"},\"image\":{\"@id\":\"https:\\\/\\\/hi.own3d.pro\\\/pt-br\\\/#\\\/schema\\\/logo\\\/image\\\/\"}}]}<\/script>\n<!-- \/ Yoast SEO plugin. -->","yoast_head_json":{"title":"Imprensa - OWN3D.PRO Streaming Tool","robots":{"index":"index","follow":"follow","max-snippet":"max-snippet:-1","max-image-preview":"max-image-preview:large","max-video-preview":"max-video-preview:-1"},"canonical":"https:\/\/hi.own3d.pro\/pt-br\/impressao\/","og_locale":"pt_BR","og_type":"article","og_title":"Imprensa - OWN3D.PRO Streaming Tool","og_description":"StreamTV Media GmbHGr\u00fcnmarkt 84400 Steyr, \u00c1USTRIA Objetivo Corporativo: informa\u00e7\u00e3o, testes de produtos, tutoriais e guias sobre o tema de gaming e game streaming, recomenda\u00e7\u00f5es de produtos (hardware) para gamers, vendas de conte\u00fado digital (overlays do twitch, gr\u00e1ficos, designs e templates de design WordPress). Autoridade Reguladora: Tribunal Regional de Steyr, FN 489275 y Respons\u00e1vel pelo conte\u00fado: [&hellip;]","og_url":"https:\/\/hi.own3d.pro\/pt-br\/impressao\/","og_site_name":"OWN3D.PRO: Easy Streaming With One Powerful Tool","article_modified_time":"2026-03-02T14:53:51+00:00","twitter_card":"summary_large_image","schema":{"@context":"https:\/\/schema.org","@graph":[{"@type":"WebPage","@id":"https:\/\/hi.own3d.pro\/pt-br\/impressao\/","url":"https:\/\/hi.own3d.pro\/pt-br\/impressao\/","name":"Imprensa - OWN3D.PRO Streaming Tool","isPartOf":{"@id":"https:\/\/hi.own3d.pro\/pt-br\/#website"},"datePublished":"2025-08-15T08:05:18+00:00","dateModified":"2026-03-02T14:53:51+00:00","breadcrumb":{"@id":"https:\/\/hi.own3d.pro\/pt-br\/impressao\/#breadcrumb"},"inLanguage":"pt-BR","potentialAction":[{"@type":"ReadAction","target":["https:\/\/hi.own3d.pro\/pt-br\/impressao\/"]}]},{"@type":"BreadcrumbList","@id":"https:\/\/hi.own3d.pro\/pt-br\/impressao\/#breadcrumb","itemListElement":[{"@type":"ListItem","position":1,"name":"Home","item":"https:\/\/hi.own3d.pro\/pt-br\/"},{"@type":"ListItem","position":2,"name":"Imprensa"}]},{"@type":"WebSite","@id":"https:\/\/hi.own3d.pro\/pt-br\/#website","url":"https:\/\/hi.own3d.pro\/pt-br\/","name":"Easy Streaming With OWN3D.PRO","description":"Simple Streaming. Smart. Made for You.","publisher":{"@id":"https:\/\/hi.own3d.pro\/pt-br\/#organization"},"potentialAction":[{"@type":"SearchAction","target":{"@type":"EntryPoint","urlTemplate":"https:\/\/hi.own3d.pro\/pt-br\/?s={search_term_string}"},"query-input":{"@type":"PropertyValueSpecification","valueRequired":true,"valueName":"search_term_string"}}],"inLanguage":"pt-BR"},{"@type":"Organization","@id":"https:\/\/hi.own3d.pro\/pt-br\/#organization","name":"StreamTV Media GmbH","url":"https:\/\/hi.own3d.pro\/pt-br\/","logo":{"@type":"ImageObject","inLanguage":"pt-BR","@id":"https:\/\/hi.own3d.pro\/pt-br\/#\/schema\/logo\/image\/","url":"https:\/\/hi.own3d.pro\/wp-content\/uploads\/2025\/09\/OWN3D-PRO_logo_white_512.png","contentUrl":"https:\/\/hi.own3d.pro\/wp-content\/uploads\/2025\/09\/OWN3D-PRO_logo_white_512.png","width":510,"height":68,"caption":"StreamTV Media GmbH"},"image":{"@id":"https:\/\/hi.own3d.pro\/pt-br\/#\/schema\/logo\/image\/"}}]}},"_links":{"self":[{"href":"https:\/\/hi.own3d.pro\/pt-br\/wp-json\/wp\/v2\/pages\/13026","targetHints":{"allow":["GET"]}}],"collection":[{"href":"https:\/\/hi.own3d.pro\/pt-br\/wp-json\/wp\/v2\/pages"}],"about":[{"href":"https:\/\/hi.own3d.pro\/pt-br\/wp-json\/wp\/v2\/types\/page"}],"author":[{"embeddable":true,"href":"https:\/\/hi.own3d.pro\/pt-br\/wp-json\/wp\/v2\/users\/9"}],"replies":[{"embeddable":true,"href":"https:\/\/hi.own3d.pro\/pt-br\/wp-json\/wp\/v2\/comments?post=13026"}],"version-history":[{"count":5,"href":"https:\/\/hi.own3d.pro\/pt-br\/wp-json\/wp\/v2\/pages\/13026\/revisions"}],"predecessor-version":[{"id":32827,"href":"https:\/\/hi.own3d.pro\/pt-br\/wp-json\/wp\/v2\/pages\/13026\/revisions\/32827"}],"wp:attachment":[{"href":"https:\/\/hi.own3d.pro\/pt-br\/wp-json\/wp\/v2\/media?parent=13026"}],"curies":[{"name":"wp","href":"https:\/\/api.w.org\/{rel}","templated":true}]}}